{"id":14022,"date":"2024-11-01T21:46:47","date_gmt":"2024-11-02T00:46:47","guid":{"rendered":"https:\/\/neurocienciasfalan.org\/networking\/?page_id=14022"},"modified":"2024-11-01T22:15:02","modified_gmt":"2024-11-02T01:15:02","slug":"xx-jornadas-snu","status":"publish","type":"page","link":"https:\/\/neurocienciasfalan.org\/networking\/xx-jornadas-snu\/","title":{"rendered":"XX JORNADAS SNU"},"content":{"rendered":"<div class=\"wpb-content-wrapper\"><p>[vc_row][vc_column][vc_column_text css=&#8221;&#8221;]<\/p>\n<h3>The Sociedad de Neurociencias del Uruguay (SNU) organized the \u201cXX Jornadas de la Sociedad Uruguaya de Neurociencias\u201d celebrating its 30th Anniversary. In this occasion the SNU organized different events that will be re-transmitted in vivo through the FALAN Networking Platform.<\/h3>\n<p>[\/vc_column_text][\/vc_column][\/vc_row][vc_row][vc_column width=&#8221;1\/2&#8243;][vc_video link=&#8221;https:\/\/youtu.be\/gY4W3eZslTA&#8221; css=&#8221;&#8221;][vc_column_text css=&#8221;&#8221;]<\/p>\n<h3><strong>November 6th 2024 &#8211; <\/strong>11:30 h.<\/h3>\n<p>[\/vc_column_text][vc_column_text css=&#8221;&#8221;]Actividad especial: \u201cNeurotecnolog\u00eda y neuroderechos en el futuro del Uruguay\u201d.<\/p>\n<p>Panelists: Silvina Nane (Senadora de la Rep\u00fablica, Uruguay), Dafna Feinholz (UNESCO, Francia), Adri\u00e1n Palacios (Universidad de Valpara\u00edso, Chile), Jos\u00e9 Iglesias C\u00e1ceres (Facultad de Derecho, UdelaR). Antesala del Senado, Palacio Legislativo.[\/vc_column_text][\/vc_column][vc_column width=&#8221;1\/2&#8243;][vc_video link=&#8221;https:\/\/youtu.be\/s4KcmQfizE8&#8243; css=&#8221;&#8221;][vc_column_text css=&#8221;&#8221;]<\/p>\n<h3><strong>November 7th 2024 &#8211; 10:00 h.<\/strong><\/h3>\n<p>[\/vc_column_text][vc_column_text css=&#8221;&#8221;]<\/p>\n<div class=\"wpb_text_column wpb_content_element \">\n<div class=\"wpb_wrapper\">\n<p>Opening lecture: \u00c1ngel Caputi (Sistema Nacional de Investigadores, Uruguay) \u201cEntre cerebros modelo y modelos de cerebro, Quo vadis, neurociencias?\u201d.<\/p>\n<\/div>\n<\/div>\n<p>[\/vc_column_text][\/vc_column][\/vc_row][vc_row][vc_column width=&#8221;1\/2&#8243;][vc_video link=&#8221;https:\/\/youtu.be\/6GvzbhD7E4A&#8221; css=&#8221;&#8221;][vc_column_text css=&#8221;&#8221;]<\/p>\n<h3><strong>November 8th 2024 &#8211; 14:30 h.<\/strong><\/h3>\n<p>[\/vc_column_text][vc_column_text css=&#8221;&#8221;]<\/p>\n<div class=\"wpb_text_column wpb_content_element \">\n<div class=\"wpb_wrapper\">\n<p>\u201cRuben Budelli\u201d Lecture: Tracy Bale (University of Colorado, USA) \u201cExtracellular vesicles as stress signals important to brain development and function\u201d<\/p>\n<\/div>\n<\/div>\n<p>[\/vc_column_text][\/vc_column][vc_column width=&#8221;1\/2&#8243;][vc_video link=&#8221;https:\/\/youtu.be\/5Nl7Z7VmSPo&#8221; css=&#8221;&#8221;][vc_column_text css=&#8221;&#8221;]<\/p>\n<h3><strong>November 9th 2024 &#8211; 15:30 h.<\/strong><\/h3>\n<p>[\/vc_column_text][vc_column_text css=&#8221;&#8221;]<\/p>\n<div class=\"wpb_text_column wpb_content_element \">\n<div class=\"wpb_wrapper\">\n<p>Closing Lecture: Mona Khan (Max Planck Frankfurt, Germany) \u201cVisualizing SARS-CoV-2 in the olfactory system of deceased COVID-19 patients\u201d.<\/p>\n<\/div>\n<\/div>\n<p>[\/vc_column_text][\/vc_column][\/vc_row]<\/p>\n<\/div>","protected":false},"excerpt":{"rendered":"<p>[vc_row][vc_column][vc_column_text css=&#8221;&#8221;] The Sociedad de Neurociencias del Uruguay (SNU) organized the \u201cXX Jornadas de la Sociedad Uruguaya de Neurociencias\u201d celebrating its 30th Anniversary. In this occasion the SNU organized different events that will be re-transmitted in vivo through the FALAN Networking Platform. [\/vc_column_text][\/vc_column][\/vc_row][vc_row][vc_column width=&#8221;1\/2&#8243;][vc_video link=&#8221;https:\/\/youtu.be\/gY4W3eZslTA&#8221; css=&#8221;&#8221;][vc_column_text css=&#8221;&#8221;] November 6th 2024 &#8211; 11:30 h. [\/vc_column_text][vc_column_text css=&#8221;&#8221;]Actividad especial: \u201cNeurotecnolog\u00eda y neuroderechos en [&hellip;]<\/p>\n","protected":false},"author":7,"featured_media":0,"parent":0,"menu_order":0,"comment_status":"closed","ping_status":"closed","template":"","meta":{"_bbp_topic_count":0,"_bbp_reply_count":0,"_bbp_total_topic_count":0,"_bbp_total_reply_count":0,"_bbp_voice_count":0,"_bbp_anonymous_reply_count":0,"_bbp_topic_count_hidden":0,"_bbp_reply_count_hidden":0,"_bbp_forum_subforum_count":0,"footnotes":""},"class_list":["post-14022","page","type-page","status-publish","hentry"],"_links":{"self":[{"href":"https:\/\/neurocienciasfalan.org\/networking\/wp-json\/wp\/v2\/pages\/14022","targetHints":{"allow":["GET"]}}],"collection":[{"href":"https:\/\/neurocienciasfalan.org\/networking\/wp-json\/wp\/v2\/pages"}],"about":[{"href":"https:\/\/neurocienciasfalan.org\/networking\/wp-json\/wp\/v2\/types\/page"}],"author":[{"embeddable":true,"href":"https:\/\/neurocienciasfalan.org\/networking\/wp-json\/wp\/v2\/users\/7"}],"replies":[{"embeddable":true,"href":"https:\/\/neurocienciasfalan.org\/networking\/wp-json\/wp\/v2\/comments?post=14022"}],"version-history":[{"count":5,"href":"https:\/\/neurocienciasfalan.org\/networking\/wp-json\/wp\/v2\/pages\/14022\/revisions"}],"predecessor-version":[{"id":14027,"href":"https:\/\/neurocienciasfalan.org\/networking\/wp-json\/wp\/v2\/pages\/14022\/revisions\/14027"}],"wp:attachment":[{"href":"https:\/\/neurocienciasfalan.org\/networking\/wp-json\/wp\/v2\/media?parent=14022"}],"curies":[{"name":"wp","href":"https:\/\/api.w.org\/{rel}","templated":true}]}}