{"id":13994,"date":"2024-11-01T17:20:04","date_gmt":"2024-11-01T20:20:04","guid":{"rendered":"https:\/\/neurocienciasfalan.org\/networking\/?page_id=13994"},"modified":"2024-11-01T17:54:50","modified_gmt":"2024-11-01T20:54:50","slug":"mesa-redonda-neurotecnologia-y-neuroderechos-en-el-futuro-del-uruguay","status":"publish","type":"page","link":"https:\/\/neurocienciasfalan.org\/networking\/mesa-redonda-neurotecnologia-y-neuroderechos-en-el-futuro-del-uruguay\/","title":{"rendered":"Mesa redonda: Neurotecnolog\u00eda y neuroderechos en el futuro del Uruguay"},"content":{"rendered":"\n<figure class=\"wp-block-embed is-type-video is-provider-youtube wp-block-embed-youtube wp-embed-aspect-16-9 wp-has-aspect-ratio\"><div class=\"wp-block-embed__wrapper\">\n<iframe loading=\"lazy\" title=\"Neurotecnolog\u00eda y neuroderechos en el futuro del Uruguay\" width=\"1200\" height=\"675\" src=\"https:\/\/www.youtube.com\/embed\/gY4W3eZslTA?feature=oembed&amp;wmode=opaque&amp;showinfo=0\" style=\"border: none\" allow=\"accelerometer; autoplay; clipboard-write; encrypted-media; gyroscope; picture-in-picture; web-share\" referrerpolicy=\"strict-origin-when-cross-origin\" allowfullscreen><\/iframe>\n<\/div><\/figure>\n\n\n\n<p>Actividad sat\u00e9lite de las XX Jornadas de la Sociedad de Neurociencias del Uruguay (SNU)<\/p>\n\n\n\n<p><strong>Panelistas invitados<\/strong><\/p>\n\n\n\n<p>Silvia Nane (Senadora de la Rep\u00fablica, Uruguay)<br>Dafna Feinholz (UNESCO, Francia)<br>Adri\u00e1n Palacios (Universidad de Valpara\u00edso, Chile)<br>Jos\u00e9 Iglesias C\u00e1ceres (Facultad de Derecho, UdelaR)<\/p>\n\n\n\n<p>Con palabras de Rafael Yuste (Universidad de Columbia, USA).<br>Modera: Alejandra Carboni (Facultad de Psicolog\u00eda, UdelaR, Uruguay).<br><br>Lugar: Antesala del Senado, Palacio Legislativo.<br>Montevideo &#8211; Uruguay<br>6 de noviembre de 2024<\/p>\n","protected":false},"excerpt":{"rendered":"<p>Actividad sat\u00e9lite de las XX Jornadas de la Sociedad de Neurociencias del Uruguay (SNU) Panelistas invitados Silvia Nane (Senadora de la Rep\u00fablica, Uruguay)Dafna Feinholz (UNESCO, Francia)Adri\u00e1n Palacios (Universidad de Valpara\u00edso, Chile)Jos\u00e9 Iglesias C\u00e1ceres (Facultad de Derecho, UdelaR) Con palabras de Rafael Yuste (Universidad de Columbia, USA).Modera: Alejandra Carboni (Facultad de Psicolog\u00eda, UdelaR, Uruguay). Lugar: Antesala del Senado, Palacio Legislativo.Montevideo &#8211; [&hellip;]<\/p>\n","protected":false},"author":7,"featured_media":0,"parent":0,"menu_order":0,"comment_status":"closed","ping_status":"closed","template":"","meta":{"_bbp_topic_count":0,"_bbp_reply_count":0,"_bbp_total_topic_count":0,"_bbp_total_reply_count":0,"_bbp_voice_count":0,"_bbp_anonymous_reply_count":0,"_bbp_topic_count_hidden":0,"_bbp_reply_count_hidden":0,"_bbp_forum_subforum_count":0,"footnotes":""},"class_list":["post-13994","page","type-page","status-publish","hentry"],"_links":{"self":[{"href":"https:\/\/neurocienciasfalan.org\/networking\/wp-json\/wp\/v2\/pages\/13994","targetHints":{"allow":["GET"]}}],"collection":[{"href":"https:\/\/neurocienciasfalan.org\/networking\/wp-json\/wp\/v2\/pages"}],"about":[{"href":"https:\/\/neurocienciasfalan.org\/networking\/wp-json\/wp\/v2\/types\/page"}],"author":[{"embeddable":true,"href":"https:\/\/neurocienciasfalan.org\/networking\/wp-json\/wp\/v2\/users\/7"}],"replies":[{"embeddable":true,"href":"https:\/\/neurocienciasfalan.org\/networking\/wp-json\/wp\/v2\/comments?post=13994"}],"version-history":[{"count":1,"href":"https:\/\/neurocienciasfalan.org\/networking\/wp-json\/wp\/v2\/pages\/13994\/revisions"}],"predecessor-version":[{"id":13997,"href":"https:\/\/neurocienciasfalan.org\/networking\/wp-json\/wp\/v2\/pages\/13994\/revisions\/13997"}],"wp:attachment":[{"href":"https:\/\/neurocienciasfalan.org\/networking\/wp-json\/wp\/v2\/media?parent=13994"}],"curies":[{"name":"wp","href":"https:\/\/api.w.org\/{rel}","templated":true}]}}